{"id":9,"date":"2016-01-28T16:04:24","date_gmt":"2016-01-28T14:04:24","guid":{"rendered":"\/\/cityguvenlik.com\/city\/?page_id=9"},"modified":"2016-01-29T22:04:53","modified_gmt":"2016-01-29T20:04:53","slug":"hizmetlerimiz","status":"publish","type":"page","link":"https:\/\/cityguvenlik.com\/city\/hizmetlerimiz\/","title":{"rendered":"Hizmetlerimiz"},"content":{"rendered":"<p><strong>G\u00dcVENL\u0130K S\u0130STEMLER\u0130M\u0130Z\u0130N UYGULAMA ALANLARI<\/strong><br \/>\n<strong> &#8211; KONUTSAL UYGULAMALAR: Ev, Villa, Yazl\u0131k, Siteler&#8230;<\/strong><br \/>\n<strong> &#8211; T\u0130CAR\u0130 UYGULAMALAR: \u0130\u015fyeri, Ofis, Ma\u011faza, Al\u0131\u015fveri\u015f Merkezleri&#8230;<\/strong><br \/>\n<strong> &#8211; END\u00dcSTR\u0130YEL UYGULAMALAR: Fabrika, Depo, End\u00fcstriyel Tesisler&#8230;<\/strong><br \/>\n<strong> &#8211; KAMU ve ASKER\u0130 TES\u0130SLER<\/strong><\/p>\n","protected":false},"excerpt":{"rendered":"<p>G\u00dcVENL\u0130K S\u0130STEMLER\u0130M\u0130Z\u0130N UYGULAMA ALANLARI &#8211; KONUTSAL UYGULAMALAR: Ev, Villa, Yazl\u0131k, Siteler&#8230; &#8211; T\u0130CAR\u0130 UYGULAMALAR: \u0130\u015fyeri, Ofis, Ma\u011faza, Al\u0131\u015fveri\u015f Merkezleri&#8230; &#8211; END\u00dcSTR\u0130YEL UYGULAMALAR: Fabrika, Depo, End\u00fcstriyel Tesisler&#8230; &#8211; KAMU ve ASKER\u0130 TES\u0130SLER<\/p>\n","protected":false},"author":1,"featured_media":0,"parent":0,"menu_order":0,"comment_status":"closed","ping_status":"closed","template":"","meta":{"footnotes":""},"_links":{"self":[{"href":"https:\/\/cityguvenlik.com\/city\/wp-json\/wp\/v2\/pages\/9"}],"collection":[{"href":"https:\/\/cityguvenlik.com\/city\/wp-json\/wp\/v2\/pages"}],"about":[{"href":"https:\/\/cityguvenlik.com\/city\/wp-json\/wp\/v2\/types\/page"}],"author":[{"embeddable":true,"href":"https:\/\/cityguvenlik.com\/city\/wp-json\/wp\/v2\/users\/1"}],"replies":[{"embeddable":true,"href":"https:\/\/cityguvenlik.com\/city\/wp-json\/wp\/v2\/comments?post=9"}],"version-history":[{"count":5,"href":"https:\/\/cityguvenlik.com\/city\/wp-json\/wp\/v2\/pages\/9\/revisions"}],"predecessor-version":[{"id":118,"href":"https:\/\/cityguvenlik.com\/city\/wp-json\/wp\/v2\/pages\/9\/revisions\/118"}],"wp:attachment":[{"href":"https:\/\/cityguvenlik.com\/city\/wp-json\/wp\/v2\/media?parent=9"}],"curies":[{"name":"wp","href":"https:\/\/api.w.org\/{rel}","templated":true}]}}