{"id":7,"date":"2016-01-28T16:04:11","date_gmt":"2016-01-28T14:04:11","guid":{"rendered":"\/\/cityguvenlik.com\/city\/?page_id=7"},"modified":"2016-01-29T21:51:34","modified_gmt":"2016-01-29T19:51:34","slug":"hakkimizda","status":"publish","type":"page","link":"https:\/\/cityguvenlik.com\/city\/hakkimizda\/","title":{"rendered":"Hakk\u0131m\u0131zda"},"content":{"rendered":"<p><img loading=\"lazy\" decoding=\"async\" class=\"alignnone wp-image-102\" src=\"\/\/cityguvenlik.com\/city\/wp-content\/uploads\/2016\/01\/hakkimizda-300x111.png\" alt=\"hakkimizda\" width=\"561\" height=\"221\" \/><\/p>\n<p>Firmam\u0131z, ge\u00e7mi\u015fte ya\u015fad\u0131\u011f\u0131 tecr\u00fcbeleri bir \u00e7at\u0131 alt\u0131nda toplam\u0131\u015f ve C\u0130TYG\u00dcVENL\u0130K\u00a0\u00a0Sistemleri\u00a0 ad\u0131 alt\u0131nda birle\u015fmi\u015ftir.\u00c7\u00f6z\u00fcmlerimiz; \u00a0kartl\u0131 ve biometrik kontrol sistemleri,bek\u00e7i tur sistemleri,turnike ve bariyer sistemleri ,\u00a0AHD kamera\u00a0,CCTV kamera\u00a0,\u0130P kamera\u00a0,PKDS sistemi\u00a0ve\u00a0Alarm\u00a0sistemleridir.<\/p>\n<p>Ge\u00e7mi\u015fte ya\u015fanm\u0131\u015f m\u00fc\u015fteri isteklerini ve sorunlar\u0131n\u0131 g\u00f6z \u00f6n\u00fcne alarak en k\u0131sa s\u00fcrede servis hizmeti, en kaliteli \u00fcr\u00fcnler ve en uygun yaz\u0131l\u0131m \u00e7\u00f6z\u00fcmleri ile sekt\u00f6re girmi\u015ftir.<\/p>\n<p>M\u00fc\u015fteri istekleri do\u011frultusunda \u2018hizmet\u2019 vermeyi ama\u00e7lamaktad\u0131r ve m\u00fc\u015fteri memnuniyetini en \u00f6nemli konu olarak benimsemi\u015ftir.<br \/>\nC\u0130TYG\u00dcVENL\u0130K\u00a0\u00a0Sistemleri\u00a0 sekt\u00f6rde \u00e7ok k\u0131sa bir \u00a0s\u00fcrede ilerlemekte ve m\u00fc\u015fteri yelpazesini geni\u015fletmektedir, sizleride aram\u0131zda g\u00f6rmekten ve bu heyecan\u0131m\u0131z\u0131 sizin ile payla\u015fmaktan memnuniyet duyaca\u011f\u0131z&#8230;.<\/p>\n<p>Aldigimiz \u00f6nemli entegre projeler ile i\u015fimizdeki profesyonelli\u011fimizi, yeti\u015ftirdi\u011fimiz kendi personelimizin basarilar\u0131 ve \u00a0m\u00fcsterilerimizden ald\u0131\u011f\u0131m\u0131z takdirler, GELECEGIN SIRKETI olaca\u011fimiz\u0131 \u015fimdiden kanitlad\u0131\u011f\u0131na inaniyoruz.<\/p>\n","protected":false},"excerpt":{"rendered":"<p>Firmam\u0131z, ge\u00e7mi\u015fte ya\u015fad\u0131\u011f\u0131 tecr\u00fcbeleri bir \u00e7at\u0131 alt\u0131nda toplam\u0131\u015f ve C\u0130TYG\u00dcVENL\u0130K\u00a0\u00a0Sistemleri\u00a0 ad\u0131 alt\u0131nda birle\u015fmi\u015ftir.\u00c7\u00f6z\u00fcmlerimiz; \u00a0kartl\u0131 ve biometrik kontrol sistemleri,bek\u00e7i tur sistemleri,turnike ve bariyer sistemleri ,\u00a0AHD kamera\u00a0,CCTV kamera\u00a0,\u0130P kamera\u00a0,PKDS sistemi\u00a0ve\u00a0Alarm\u00a0sistemleridir. Ge\u00e7mi\u015fte ya\u015fanm\u0131\u015f m\u00fc\u015fteri isteklerini ve sorunlar\u0131n\u0131 g\u00f6z \u00f6n\u00fcne alarak en k\u0131sa s\u00fcrede servis hizmeti, en kaliteli \u00fcr\u00fcnler ve en uygun yaz\u0131l\u0131m \u00e7\u00f6z\u00fcmleri ile sekt\u00f6re girmi\u015ftir. M\u00fc\u015fteri istekleri [&hellip;]<\/p>\n","protected":false},"author":1,"featured_media":102,"parent":0,"menu_order":0,"comment_status":"closed","ping_status":"closed","template":"","meta":{"footnotes":""},"_links":{"self":[{"href":"https:\/\/cityguvenlik.com\/city\/wp-json\/wp\/v2\/pages\/7"}],"collection":[{"href":"https:\/\/cityguvenlik.com\/city\/wp-json\/wp\/v2\/pages"}],"about":[{"href":"https:\/\/cityguvenlik.com\/city\/wp-json\/wp\/v2\/types\/page"}],"author":[{"embeddable":true,"href":"https:\/\/cityguvenlik.com\/city\/wp-json\/wp\/v2\/users\/1"}],"replies":[{"embeddable":true,"href":"https:\/\/cityguvenlik.com\/city\/wp-json\/wp\/v2\/comments?post=7"}],"version-history":[{"count":7,"href":"https:\/\/cityguvenlik.com\/city\/wp-json\/wp\/v2\/pages\/7\/revisions"}],"predecessor-version":[{"id":107,"href":"https:\/\/cityguvenlik.com\/city\/wp-json\/wp\/v2\/pages\/7\/revisions\/107"}],"wp:featuredmedia":[{"embeddable":true,"href":"https:\/\/cityguvenlik.com\/city\/wp-json\/wp\/v2\/media\/102"}],"wp:attachment":[{"href":"https:\/\/cityguvenlik.com\/city\/wp-json\/wp\/v2\/media?parent=7"}],"curies":[{"name":"wp","href":"https:\/\/api.w.org\/{rel}","templated":true}]}}